{"id":21,"date":"2019-08-12T10:48:54","date_gmt":"2019-08-12T10:48:54","guid":{"rendered":"http:\/\/guadarramariodearena.org\/?page_id=21"},"modified":"2025-10-08T20:39:11","modified_gmt":"2025-10-08T20:39:11","slug":"el-parque-regional","status":"publish","type":"page","link":"https:\/\/guadarramariodearena.org\/index.php\/el-parque-regional","title":{"rendered":"EL PARQUE REGIONAL"},"content":{"rendered":"\n<p>El Parque Regional del Curso Medio del R\u00edo Guadarrama y su Entorno se encuentra en la zona oeste de la Comunidad de Madrid y se extiende desde la base de la Sierra hasta la campi\u00f1a de la depresi\u00f3n del Tajo, siguiendo el curso de los r\u00edos Guadarrama y Aulencia. El eje fundamental es el curso medio del r\u00edo Guadarrama, que discurre de norte a sur entre los municipios de Galapagar y Batres, en un recorrido de unos 50 km.; su principal afluente en este tramo es el r\u00edo Aulencia, que nace en las laderas del monte Abantos para, tras abastecer al Embalse de Valmayor, unirse al Guadarrama en Villanueva de la Ca\u00f1ada. <\/p>\n\n\n\n<p>A pesar de recibir fuertes presiones, en su mayor parte procedentes de la actividad urbanizadora, el territorio del Parque se caracteriza por una aceptable calidad ambiental con zonas de alto valor ecol\u00f3gico y paisaj\u00edstico, fruto de la diversidad de ambientes y paisajes, en los que encuentran refugio especies de flora y fauna amenazadas tanto a nivel auton\u00f3mico como estatal. <\/p>\n\n\n\n<figure class=\"wp-block-image\"><img loading=\"lazy\" decoding=\"async\" width=\"1024\" height=\"768\" src=\"https:\/\/guadarramariodearena.org\/wp-content\/uploads\/2019\/08\/Puente_del-_-Retamar-1024x768.jpg\" alt=\"\" class=\"wp-image-86\" srcset=\"https:\/\/guadarramariodearena.org\/wp-content\/uploads\/2019\/08\/Puente_del-_-Retamar-1024x768.jpg 1024w, https:\/\/guadarramariodearena.org\/wp-content\/uploads\/2019\/08\/Puente_del-_-Retamar-300x225.jpg 300w, https:\/\/guadarramariodearena.org\/wp-content\/uploads\/2019\/08\/Puente_del-_-Retamar-768x576.jpg 768w, https:\/\/guadarramariodearena.org\/wp-content\/uploads\/2019\/08\/Puente_del-_-Retamar-360x270.jpg 360w\" sizes=\"(max-width: 1024px) 100vw, 1024px\" \/><figcaption class=\"wp-element-caption\">Puente del Retamar<\/figcaption><\/figure>\n\n\n\n<h3 class=\"wp-block-heading\">Superficie y municipios <\/h3>\n\n\n\n<p>El Parque Regional del Curso Medio del r\u00edo Guadarrama y su entorno tiene una superficie: 22.116 hect\u00e1reas. El territorio protegido comprende 19 t\u00e9rminos municipales, en un recorrido de unos 50 kil\u00f3metros: El \u00c1lamo, Arroyomolinos, Batres, Boadilla del Monte, Brunete, Colmenarejo, Galapagar, Majadahonda, Moraleja de Enmedio, M\u00f3stoles, Navalcarnero, Las Rozas, Serranillos del Valle, Sevilla la Nueva, Torrelodones, Valdemorillo, Villanueva de la Ca\u00f1ada, Villanueva del Pardillo y Villaviciosa de Od\u00f3n.<\/p>\n\n\n\n<figure class=\"wp-block-image\"><img loading=\"lazy\" decoding=\"async\" width=\"1017\" height=\"1024\" src=\"https:\/\/guadarramariodearena.org\/wp-content\/uploads\/2019\/08\/cma_parque_regional_prg_localizacion-1017x1024.jpg\" alt=\"\" class=\"wp-image-84\" srcset=\"https:\/\/guadarramariodearena.org\/wp-content\/uploads\/2019\/08\/cma_parque_regional_prg_localizacion-1017x1024.jpg 1017w, https:\/\/guadarramariodearena.org\/wp-content\/uploads\/2019\/08\/cma_parque_regional_prg_localizacion-150x150.jpg 150w, https:\/\/guadarramariodearena.org\/wp-content\/uploads\/2019\/08\/cma_parque_regional_prg_localizacion-298x300.jpg 298w, https:\/\/guadarramariodearena.org\/wp-content\/uploads\/2019\/08\/cma_parque_regional_prg_localizacion-768x773.jpg 768w, https:\/\/guadarramariodearena.org\/wp-content\/uploads\/2019\/08\/cma_parque_regional_prg_localizacion-268x270.jpg 268w\" sizes=\"(max-width: 1017px) 100vw, 1017px\" \/><figcaption class=\"wp-element-caption\">Mapa de localizaci\u00f3n<\/figcaption><\/figure>\n\n\n\n<h3 class=\"wp-block-heading\">Valores naturales<\/h3>\n\n\n\n<p>El paisaje del Parque Regional del R\u00edo Guadarrama est\u00e1 determinado por la geomorfolog\u00eda y por la trasformaci\u00f3n de la cubierta vegetal sufrida en torno a los cursos fluviales, a causa de la actividad humana ejercida desde \u00e9pocas remotas. Esto ha generado tres tipos de paisajes dominantes de gran diversidad y valor ecol\u00f3gico: <\/p>\n\n\n\n<p>\u2022 El Bosque mediterr\u00e1neo: los densos bosques de encinas han sido tradicionalmente explotados por el ser humano, dando lugar a lo que hoy conocemos como dehesas. La dehesa es un sistema muy equilibrado donde se combina el aprovechamiento del pasto, las bellotas, la obtenci\u00f3n de le\u00f1a, carb\u00f3n vegetal y miel. Tienen un gran valor ecol\u00f3gico, ya que albergan multitud de especies de fauna, entre ellas una de las m\u00e1s emblem\u00e1ticas, como es el \u00e1guila imperial ib\u00e9rica.<\/p>\n\n\n\n<figure class=\"wp-block-image\"><img loading=\"lazy\" decoding=\"async\" width=\"632\" height=\"395\" src=\"https:\/\/guadarramariodearena.org\/wp-content\/uploads\/2019\/08\/cma_parque_regional_prg_paisaje_20.jpg\" alt=\"\" class=\"wp-image-147\" srcset=\"https:\/\/guadarramariodearena.org\/wp-content\/uploads\/2019\/08\/cma_parque_regional_prg_paisaje_20.jpg 632w, https:\/\/guadarramariodearena.org\/wp-content\/uploads\/2019\/08\/cma_parque_regional_prg_paisaje_20-300x188.jpg 300w, https:\/\/guadarramariodearena.org\/wp-content\/uploads\/2019\/08\/cma_parque_regional_prg_paisaje_20-432x270.jpg 432w\" sizes=\"(max-width: 632px) 100vw, 632px\" \/><figcaption class=\"wp-element-caption\">Encinar<\/figcaption><\/figure>\n\n\n\n<p>\u2022 El Bosque de ribera: compuesto fundamentalmente por sauces, chopos y fresnos, que junto a \u00e1lamos y olmos cubren las riberas y vegas del Parque. Los bosques de ribera son formaciones vegetales de elevada relevancia ecol\u00f3gica, puesto que cumplen funciones de gran importancia, estabilizando m\u00e1rgenes y orillas, mitigando los efectos de las crecidas y actuando a la vez como refugio y corredores naturales para la fauna. <\/p>\n\n\n\n<figure class=\"wp-block-image\"><img loading=\"lazy\" decoding=\"async\" width=\"630\" height=\"418\" src=\"https:\/\/guadarramariodearena.org\/wp-content\/uploads\/2019\/08\/cma_parque_regional_prg_paisaje_18-1.jpg\" alt=\"\" class=\"wp-image-144\" srcset=\"https:\/\/guadarramariodearena.org\/wp-content\/uploads\/2019\/08\/cma_parque_regional_prg_paisaje_18-1.jpg 630w, https:\/\/guadarramariodearena.org\/wp-content\/uploads\/2019\/08\/cma_parque_regional_prg_paisaje_18-1-300x199.jpg 300w, https:\/\/guadarramariodearena.org\/wp-content\/uploads\/2019\/08\/cma_parque_regional_prg_paisaje_18-1-407x270.jpg 407w\" sizes=\"(max-width: 630px) 100vw, 630px\" \/><figcaption class=\"wp-element-caption\">Bosque de ribera del r\u00edo Guadarrama<\/figcaption><\/figure>\n\n\n\n<p>\u2022 Cultivos y eriales: surgen como resultado de la acci\u00f3n del hombre sobre el medio, dando lugar a la aparici\u00f3n de un nuevo ecosistema con caracter\u00edsticas particulares. Estos paisajes abiertos, de suave relieve y de fuerte car\u00e1cter estepario son la despensa para la fauna, ya que les facilita la b\u00fasqueda de alimento (grano) y adem\u00e1s son zona de caza para las rapaces ya que encuentran gran variedad de presas.<\/p>\n\n\n\n<figure class=\"wp-block-image\"><img loading=\"lazy\" decoding=\"async\" width=\"1024\" height=\"768\" src=\"https:\/\/guadarramariodearena.org\/wp-content\/uploads\/2019\/08\/cma_parque_regional_prg_paisaje_07-1024x768.jpg\" alt=\"\" class=\"wp-image-146\" srcset=\"https:\/\/guadarramariodearena.org\/wp-content\/uploads\/2019\/08\/cma_parque_regional_prg_paisaje_07-1024x768.jpg 1024w, https:\/\/guadarramariodearena.org\/wp-content\/uploads\/2019\/08\/cma_parque_regional_prg_paisaje_07-300x225.jpg 300w, https:\/\/guadarramariodearena.org\/wp-content\/uploads\/2019\/08\/cma_parque_regional_prg_paisaje_07-768x576.jpg 768w, https:\/\/guadarramariodearena.org\/wp-content\/uploads\/2019\/08\/cma_parque_regional_prg_paisaje_07-360x270.jpg 360w, https:\/\/guadarramariodearena.org\/wp-content\/uploads\/2019\/08\/cma_parque_regional_prg_paisaje_07.jpg 1170w\" sizes=\"(max-width: 1024px) 100vw, 1024px\" \/><figcaption class=\"wp-element-caption\">Cultivos de secano en el Parque Regional <\/figcaption><\/figure>\n\n\n\n<h3 class=\"wp-block-heading\">Legislaci\u00f3n<\/h3>\n\n\n\n<p>Facilitamos a continuaci\u00f3n legislaci\u00f3n sobre el Parque Regional del Curso Medio del r\u00edo Guadarrama y su entorno.<\/p>\n\n\n\n<p><a href=\"https:\/\/www.boe.es\/buscar\/doc.php?id=BOE-A-2001-14645#:~:text=La%20Ley%2020%2F1999%2C%20de%203%20de%20mayo%2C%20declara,r%C3%ADo%20Guadarrama%20y%20su%20entorno%C2%BB.\">Ley 4\/2001, de 28 de junio, por la que se modifica la Ley 20\/1999, de 3 de mayo, del Parque Regional del Curso Medio del r\u00edo Guadarrama y su entorno.<\/a><\/p>\n\n\n\n<p><a href=\"https:\/\/gestiona.comunidad.madrid\/wleg_pub\/secure\/normativas\/contenidoNormativa.jsf?opcion=VerHtml&amp;nmnorma=2393&amp;eli=true#no-back-button\" target=\"_blank\" rel=\"noreferrer noopener\">Decreto 124\/2002, de 5 de julio, por el que se aprueba la ampliaci\u00f3n del Plan de Ordenaci\u00f3n de los Recursos Naturales del Parque Regional del Curso Medio del r\u00edo Guadarrama y su entorno.<\/a><\/p>\n\n\n\n<p>Si deseas m\u00e1s informaci\u00f3n sobre el Parque Regional puedes consultar su <a aria-label=\"p\u00e1gina web (abre en una nueva pesta\u00f1a)\" href=\"https:\/\/www.comunidad.madrid\/servicios\/urbanismo-medio-ambiente\/parque-regional-curso-medio-rio-guadarrama-su-entorno\" target=\"_blank\" rel=\"noreferrer noopener\">p\u00e1gina web<\/a> o el apartado del men\u00fa superior <a aria-label=\"DOCUMENTACI\u00d3N (abre en una nueva pesta\u00f1a)\" href=\"https:\/\/guadarramariodearena.org\/index.php\/publicaciones-de-interes\" target=\"_blank\" rel=\"noreferrer noopener\">DOCUMENTACI\u00d3N<\/a>.<\/p>\n","protected":false},"excerpt":{"rendered":"<p>El Parque Regional del Curso Medio del R\u00edo Guadarrama y su Entorno se encuentra en la zona oeste de la Comunidad de Madrid y se extiende desde la base de la Sierra hasta la campi\u00f1a de la depresi\u00f3n del Tajo, siguiendo el curso de los r\u00edos Guadarrama y Aulencia. El eje fundamental es el curso medio del r\u00edo Guadarrama, que discurre de norte a sur entre los municipios de Galapagar y Batres, en un recorrido de unos 50 km.; su&#8230;<\/p>\n<p class=\"read-more\"><a class=\"btn btn-default\" href=\"https:\/\/guadarramariodearena.org\/index.php\/el-parque-regional\"> Leer m\u00e1s<span class=\"screen-reader-text\">  Leer m\u00e1s<\/span><\/a><\/p>\n","protected":false},"author":1,"featured_media":0,"parent":0,"menu_order":0,"comment_status":"closed","ping_status":"closed","template":"","meta":{"footnotes":""},"_links":{"self":[{"href":"https:\/\/guadarramariodearena.org\/index.php\/wp-json\/wp\/v2\/pages\/21"}],"collection":[{"href":"https:\/\/guadarramariodearena.org\/index.php\/wp-json\/wp\/v2\/pages"}],"about":[{"href":"https:\/\/guadarramariodearena.org\/index.php\/wp-json\/wp\/v2\/types\/page"}],"author":[{"embeddable":true,"href":"https:\/\/guadarramariodearena.org\/index.php\/wp-json\/wp\/v2\/users\/1"}],"replies":[{"embeddable":true,"href":"https:\/\/guadarramariodearena.org\/index.php\/wp-json\/wp\/v2\/comments?post=21"}],"version-history":[{"count":11,"href":"https:\/\/guadarramariodearena.org\/index.php\/wp-json\/wp\/v2\/pages\/21\/revisions"}],"predecessor-version":[{"id":4126,"href":"https:\/\/guadarramariodearena.org\/index.php\/wp-json\/wp\/v2\/pages\/21\/revisions\/4126"}],"wp:attachment":[{"href":"https:\/\/guadarramariodearena.org\/index.php\/wp-json\/wp\/v2\/media?parent=21"}],"curies":[{"name":"wp","href":"https:\/\/api.w.org\/{rel}","templated":true}]}}