{"id":3259,"date":"2024-04-19T17:57:04","date_gmt":"2024-04-19T17:57:04","guid":{"rendered":"https:\/\/guadarramariodearena.org\/?page_id=3259"},"modified":"2025-10-17T10:49:53","modified_gmt":"2025-10-17T10:49:53","slug":"conoce-el-rio-guadarrama","status":"publish","type":"page","link":"https:\/\/guadarramariodearena.org\/index.php\/conoce-el-rio-guadarrama","title":{"rendered":"CONOCE EL R\u00cdO DE ARENA"},"content":{"rendered":"\n<p><strong>Conoce el R\u00edo de Arena<\/strong> ofrece una&nbsp;<strong>salida<\/strong>&nbsp;a este espacio natural protegido a&nbsp;<strong>todos los centros educativos de municipios no incluidos en el Parque Regional&nbsp;<\/strong>para dar a conocer su patrimonio natural, cultural e hist\u00f3rico. Podr\u00e1 participar el profesorado y alumnado de&nbsp;<strong>5\u00ba y 6\u00ba curso de Educaci\u00f3n Primaria<\/strong>, y&nbsp;<strong>1\u00ba y 2\u00ba curso de Educaci\u00f3n Secundaria<\/strong>.<\/p>\n\n\n\n<p><strong>\u00bfC\u00f3mo se desarrolla Conoce el R\u00edo de Arena?<\/strong><\/p>\n\n\n\n<p>1. Consulta la oferta educativa en el&nbsp;<a href=\"https:\/\/guadarramariodearena.org\/wp-content\/uploads\/2025\/06\/Dosier_Conoce_el_Rio_de_Arena_curso_25-26.pdf\" target=\"_blank\" rel=\"noreferrer noopener\">folleto informativo del programa<\/a>.<\/p>\n\n\n\n<p>2. Consulta la <a href=\"https:\/\/guadarramariodearena.org\/wp-content\/uploads\/2025\/10\/FICHA-DIDACTICA-CONOCE-EL-RIO-DE-ARENA.pdf\" target=\"_blank\" rel=\"noreferrer noopener\">ficha did\u00e1ctica espec\u00edfica de la actividad ofertada<\/a>.<\/p>\n\n\n\n<p>3. Contacta con nosotros y reserva fecha y hora de la actividad en el<br>tel\u00e9fono 639 88 01 23 en horario de 9:30-14:00 horas de lunes a viernes o a trav\u00e9s del correo electr\u00f3nico a reservas@guadarramariodearena.org, indicando tus datos, el nombre de la actividad, fecha, el n\u00famero de asistentes, o la consulta que quieres realizarnos.<\/p>\n\n\n\n<p>4. Nos veremos en el lugar de encuentro.<\/p>\n\n\n\n<p>5. Cumplimenta la evaluaci\u00f3n, que nos servir\u00e1 para mejorar d\u00eda a d\u00eda.<\/p>\n\n\n\n<p>6. Sigue en contacto con nosotros consultando el blog del programa, reservando nuevas actividades y participando en webinars formativos.<\/p>\n","protected":false},"excerpt":{"rendered":"<p>Conoce el R\u00edo de Arena ofrece una&nbsp;salida&nbsp;a este espacio natural protegido a&nbsp;todos los centros educativos de municipios no incluidos en el Parque Regional&nbsp;para dar a conocer su patrimonio natural, cultural e hist\u00f3rico. Podr\u00e1 participar el profesorado y alumnado de&nbsp;5\u00ba y 6\u00ba curso de Educaci\u00f3n Primaria, y&nbsp;1\u00ba y 2\u00ba curso de Educaci\u00f3n Secundaria. \u00bfC\u00f3mo se desarrolla Conoce el R\u00edo de Arena? 1. Consulta la oferta educativa en el&nbsp;folleto informativo del programa. 2. Consulta la ficha did\u00e1ctica espec\u00edfica de la actividad ofertada&#8230;.<\/p>\n<p class=\"read-more\"><a class=\"btn btn-default\" href=\"https:\/\/guadarramariodearena.org\/index.php\/conoce-el-rio-guadarrama\"> Leer m\u00e1s<span class=\"screen-reader-text\">  Leer m\u00e1s<\/span><\/a><\/p>\n","protected":false},"author":1,"featured_media":0,"parent":0,"menu_order":0,"comment_status":"closed","ping_status":"closed","template":"","meta":{"footnotes":""},"_links":{"self":[{"href":"https:\/\/guadarramariodearena.org\/index.php\/wp-json\/wp\/v2\/pages\/3259"}],"collection":[{"href":"https:\/\/guadarramariodearena.org\/index.php\/wp-json\/wp\/v2\/pages"}],"about":[{"href":"https:\/\/guadarramariodearena.org\/index.php\/wp-json\/wp\/v2\/types\/page"}],"author":[{"embeddable":true,"href":"https:\/\/guadarramariodearena.org\/index.php\/wp-json\/wp\/v2\/users\/1"}],"replies":[{"embeddable":true,"href":"https:\/\/guadarramariodearena.org\/index.php\/wp-json\/wp\/v2\/comments?post=3259"}],"version-history":[{"count":7,"href":"https:\/\/guadarramariodearena.org\/index.php\/wp-json\/wp\/v2\/pages\/3259\/revisions"}],"predecessor-version":[{"id":4135,"href":"https:\/\/guadarramariodearena.org\/index.php\/wp-json\/wp\/v2\/pages\/3259\/revisions\/4135"}],"wp:attachment":[{"href":"https:\/\/guadarramariodearena.org\/index.php\/wp-json\/wp\/v2\/media?parent=3259"}],"curies":[{"name":"wp","href":"https:\/\/api.w.org\/{rel}","templated":true}]}}