{"id":3615,"date":"2024-11-11T19:40:07","date_gmt":"2024-11-11T19:40:07","guid":{"rendered":"https:\/\/guadarramariodearena.org\/?page_id=3615"},"modified":"2024-11-11T19:56:05","modified_gmt":"2024-11-11T19:56:05","slug":"fichas-en-ingles","status":"publish","type":"page","link":"https:\/\/guadarramariodearena.org\/index.php\/fichas-en-ingles","title":{"rendered":"FICHAS EN INGL\u00c9S"},"content":{"rendered":"\n<p><a href=\"https:\/\/guadarramariodearena.org\/wp-content\/uploads\/2024\/11\/FICHAS_EN_INGLES_5o-6oEPO.pdf\" target=\"_blank\" rel=\"noreferrer noopener\">FICHA EN INGL\u00c9S SOBRE EL PARQUE REGIONAL DEL CURSO MEDIO DEL R\u00cdO GUADARRAMA PARA 5\u00ba Y 6\u00ba CURSO DE EDUCACI\u00d3N PRIMARIA.<\/a><\/p>\n\n\n\n<p><a href=\"https:\/\/guadarramariodearena.org\/wp-content\/uploads\/2024\/11\/FICHAS_EN_INGLES_1o-2oESO.pdf\" target=\"_blank\" rel=\"noreferrer noopener\">FICHA EN INGL\u00c9S SOBRE EL PARQUE REGIONAL DEL CURSO MEDIO DEL R\u00cdO GUADARRAMA PARA 1\u00ba Y 2\u00ba CURSO DE EDUCACI\u00d3N SECUNDARIA.<\/a><\/p>\n\n\n\n<p><a href=\"https:\/\/guadarramariodearena.org\/wp-content\/uploads\/2024\/11\/FICHAS_EN_INGLES_3o-4oESO.pdf\" target=\"_blank\" rel=\"noreferrer noopener\">FICHA EN INGL\u00c9S SOBRE EL PARQUE REGIONAL DEL CURSO MEDIO DEL R\u00cdO GUADARRAMA PARA 3\u00ba Y 4\u00ba CURSO DE EDUCACI\u00d3N SEGUNDARIA.<\/a><\/p>\n","protected":false},"excerpt":{"rendered":"<p>FICHA EN INGL\u00c9S SOBRE EL PARQUE REGIONAL DEL CURSO MEDIO DEL R\u00cdO GUADARRAMA PARA 5\u00ba Y 6\u00ba CURSO DE EDUCACI\u00d3N PRIMARIA. FICHA EN INGL\u00c9S SOBRE EL PARQUE REGIONAL DEL CURSO MEDIO DEL R\u00cdO GUADARRAMA PARA 1\u00ba Y 2\u00ba CURSO DE EDUCACI\u00d3N SECUNDARIA. FICHA EN INGL\u00c9S SOBRE EL PARQUE REGIONAL DEL CURSO MEDIO DEL R\u00cdO GUADARRAMA PARA 3\u00ba Y 4\u00ba CURSO DE EDUCACI\u00d3N SEGUNDARIA.<\/p>\n","protected":false},"author":1,"featured_media":0,"parent":0,"menu_order":0,"comment_status":"closed","ping_status":"closed","template":"","meta":{"footnotes":""},"_links":{"self":[{"href":"https:\/\/guadarramariodearena.org\/index.php\/wp-json\/wp\/v2\/pages\/3615"}],"collection":[{"href":"https:\/\/guadarramariodearena.org\/index.php\/wp-json\/wp\/v2\/pages"}],"about":[{"href":"https:\/\/guadarramariodearena.org\/index.php\/wp-json\/wp\/v2\/types\/page"}],"author":[{"embeddable":true,"href":"https:\/\/guadarramariodearena.org\/index.php\/wp-json\/wp\/v2\/users\/1"}],"replies":[{"embeddable":true,"href":"https:\/\/guadarramariodearena.org\/index.php\/wp-json\/wp\/v2\/comments?post=3615"}],"version-history":[{"count":6,"href":"https:\/\/guadarramariodearena.org\/index.php\/wp-json\/wp\/v2\/pages\/3615\/revisions"}],"predecessor-version":[{"id":3629,"href":"https:\/\/guadarramariodearena.org\/index.php\/wp-json\/wp\/v2\/pages\/3615\/revisions\/3629"}],"wp:attachment":[{"href":"https:\/\/guadarramariodearena.org\/index.php\/wp-json\/wp\/v2\/media?parent=3615"}],"curies":[{"name":"wp","href":"https:\/\/api.w.org\/{rel}","templated":true}]}}