{"id":92,"date":"2019-08-23T09:42:47","date_gmt":"2019-08-23T09:42:47","guid":{"rendered":"http:\/\/guadarramariodearena.org\/?page_id=92"},"modified":"2024-04-08T06:39:59","modified_gmt":"2024-04-08T06:39:59","slug":"patrimonio-cultural","status":"publish","type":"page","link":"https:\/\/guadarramariodearena.org\/index.php\/patrimonio-cultural","title":{"rendered":"PATRIMONIO CULTURAL"},"content":{"rendered":"\n<p>Facilitamos a continuaci\u00f3n bibliograf\u00eda sobre patrimonio cultural del Parque Regional del Curso Medio del r\u00edo Guadarrama y su entorno.  <\/p>\n\n\n\n<ul><li><a rel=\"noreferrer noopener\" aria-label=\"Las minas de Colmenarejo (abre en una nueva pesta\u00f1a)\" href=\"https:\/\/guadarramariodearena.org\/wp-content\/uploads\/2019\/09\/Las_minas_de_Colmenarejo.pdf\" target=\"_blank\">Las minas de Colmenarejo<\/a>. Mazadiego Mart\u00ednez L.F. &amp; Puche Riart, O.<\/li><li><a rel=\"noreferrer noopener\" aria-label=\"Puentes del r\u00edo Guadarrama (abre en una nueva pesta\u00f1a)\" href=\"https:\/\/canal.uned.es\/video\/5a6f7584b1111f797b8b4575\" target=\"_blank\">Puentes del r\u00edo Guadarrama<\/a>. Miguel Sobrino Gonz\u00e1lez, Mar\u00eda Jos\u00e9 Varas Muriel y Elena Mercedes P\u00e9rez-Monserrat. <\/li><li><a rel=\"noreferrer noopener\" aria-label=\"La v\u00eda romana del Puerto de la Fuenfr\u00eda (abre en una nueva pesta\u00f1a)\" href=\"https:\/\/guadarramariodearena.org\/wp-content\/uploads\/2019\/09\/2007_via_romana_fuenfria.pdf\" target=\"_blank\">La v\u00eda romana del Puerto de la Fuenfr\u00eda<\/a>. Jes\u00fas Rodr\u00edguez Morales, Isaac Moreno Gallo y Javier Rivas L\u00f3pez.<\/li><li><a rel=\"noreferrer noopener\" aria-label=\"Calatalifa, historia de una fortaleza (abre en una nueva pesta\u00f1a)\" href=\"https:\/\/acrobat.adobe.com\/id\/urn:aaid:sc:EU:cb63df41-d04e-4e7c-9600-0503e7259e9a\" target=\"_blank\">Calatalifa, historia de una fortaleza<\/a>. David Mart\u00edn del Hoyo y Jes\u00fas Rodriguez Morales. <\/li><li><a href=\"https:\/\/www.comunidad.madrid\/sites\/default\/files\/bic_presa_de_el_gasco_y_canal_del_guadarrama.pdf\" target=\"_blank\" rel=\"noreferrer noopener\" aria-label=\"Declaraci\u00f3n de Bien de Inter\u00e9s Cultural de la Comunidad de Madrid, en la categor\u00eda de Paisaje Cultural de la Presa de El Gasco y el Canal del Guadarrama (abre en una nueva pesta\u00f1a)\">Declaraci\u00f3n de Bien de Inter\u00e9s Cultural de la Comunidad de Madrid, en la categor\u00eda de Paisaje Cultural de la Presa de El Gasco y el Canal del Guadarrama<\/a>.   B.O.C.M. N\u00fam. 212 LUNES 6 DE SEPTIEMBRE DE 2021, p\u00e1gina 51. <\/li><\/ul>\n\n\n\n<p><\/p>\n","protected":false},"excerpt":{"rendered":"<p>Facilitamos a continuaci\u00f3n bibliograf\u00eda sobre patrimonio cultural del Parque Regional del Curso Medio del r\u00edo Guadarrama y su entorno. Las minas de Colmenarejo. Mazadiego Mart\u00ednez L.F. &amp; Puche Riart, O. Puentes del r\u00edo Guadarrama. Miguel Sobrino Gonz\u00e1lez, Mar\u00eda Jos\u00e9 Varas Muriel y Elena Mercedes P\u00e9rez-Monserrat. La v\u00eda romana del Puerto de la Fuenfr\u00eda. Jes\u00fas Rodr\u00edguez Morales, Isaac Moreno Gallo y Javier Rivas L\u00f3pez. Calatalifa, historia de una fortaleza. David Mart\u00edn del Hoyo y Jes\u00fas Rodriguez Morales. Declaraci\u00f3n de Bien de&#8230;<\/p>\n<p class=\"read-more\"><a class=\"btn btn-default\" href=\"https:\/\/guadarramariodearena.org\/index.php\/patrimonio-cultural\"> Leer m\u00e1s<span class=\"screen-reader-text\">  Leer m\u00e1s<\/span><\/a><\/p>\n","protected":false},"author":1,"featured_media":0,"parent":0,"menu_order":0,"comment_status":"closed","ping_status":"closed","template":"","meta":{"footnotes":""},"_links":{"self":[{"href":"https:\/\/guadarramariodearena.org\/index.php\/wp-json\/wp\/v2\/pages\/92"}],"collection":[{"href":"https:\/\/guadarramariodearena.org\/index.php\/wp-json\/wp\/v2\/pages"}],"about":[{"href":"https:\/\/guadarramariodearena.org\/index.php\/wp-json\/wp\/v2\/types\/page"}],"author":[{"embeddable":true,"href":"https:\/\/guadarramariodearena.org\/index.php\/wp-json\/wp\/v2\/users\/1"}],"replies":[{"embeddable":true,"href":"https:\/\/guadarramariodearena.org\/index.php\/wp-json\/wp\/v2\/comments?post=92"}],"version-history":[{"count":9,"href":"https:\/\/guadarramariodearena.org\/index.php\/wp-json\/wp\/v2\/pages\/92\/revisions"}],"predecessor-version":[{"id":3244,"href":"https:\/\/guadarramariodearena.org\/index.php\/wp-json\/wp\/v2\/pages\/92\/revisions\/3244"}],"wp:attachment":[{"href":"https:\/\/guadarramariodearena.org\/index.php\/wp-json\/wp\/v2\/media?parent=92"}],"curies":[{"name":"wp","href":"https:\/\/api.w.org\/{rel}","templated":true}]}}